{"id":272,"date":"2023-04-14T16:16:22","date_gmt":"2023-04-14T16:16:22","guid":{"rendered":"http:\/\/barceltinge.pt\/?page_id=272"},"modified":"2023-04-14T16:19:32","modified_gmt":"2023-04-14T16:19:32","slug":"acabamentos-especiais","status":"publish","type":"page","link":"http:\/\/barceltinge.pt\/?page_id=272","title":{"rendered":"Acabamentos Especiais"},"content":{"rendered":"\t\t<div data-elementor-type=\"wp-page\" data-elementor-id=\"272\" class=\"elementor elementor-272\">\n\t\t\t\t\t\t<section class=\"elementor-section elementor-top-section elementor-element elementor-element-223175c elementor-section-boxed elementor-section-height-default elementor-section-height-default wpr-particle-no wpr-jarallax-no wpr-parallax-no wpr-sticky-section-no wpr-equal-height-no\" data-id=\"223175c\" data-element_type=\"section\" data-e-type=\"section\">\n\t\t\t\t\t\t<div class=\"elementor-container elementor-column-gap-default\">\n\t\t\t\t\t<div class=\"elementor-column elementor-col-33 elementor-top-column elementor-element elementor-element-1dcaa33\" data-id=\"1dcaa33\" data-element_type=\"column\" data-e-type=\"column\">\n\t\t\t<div class=\"elementor-widget-wrap elementor-element-populated\">\n\t\t\t\t\t\t<div class=\"elementor-element elementor-element-52333aa elementor-invisible elementor-widget elementor-widget-image\" data-id=\"52333aa\" data-element_type=\"widget\" data-e-type=\"widget\" data-settings=\"{&quot;_animation&quot;:&quot;fadeInDown&quot;}\" data-widget_type=\"image.default\">\n\t\t\t\t<div class=\"elementor-widget-container\">\n\t\t\t\t\t\t\t\t\t\t\t\t<figure class=\"wp-caption\">\n\t\t\t\t\t\t\t\t\t\t<img decoding=\"async\" width=\"150\" height=\"150\" src=\"http:\/\/barceltinge.pt\/wp-content\/uploads\/2023\/04\/Trendy-Modern-Blurred-Round-Love-Sticker-6-150x150.png\" class=\"attachment-thumbnail size-thumbnail wp-image-97\" alt=\"\" srcset=\"http:\/\/barceltinge.pt\/wp-content\/uploads\/2023\/04\/Trendy-Modern-Blurred-Round-Love-Sticker-6-150x150.png 150w, http:\/\/barceltinge.pt\/wp-content\/uploads\/2023\/04\/Trendy-Modern-Blurred-Round-Love-Sticker-6-300x300.png 300w, http:\/\/barceltinge.pt\/wp-content\/uploads\/2023\/04\/Trendy-Modern-Blurred-Round-Love-Sticker-6-1024x1024.png 1024w, http:\/\/barceltinge.pt\/wp-content\/uploads\/2023\/04\/Trendy-Modern-Blurred-Round-Love-Sticker-6-768x768.png 768w, http:\/\/barceltinge.pt\/wp-content\/uploads\/2023\/04\/Trendy-Modern-Blurred-Round-Love-Sticker-6-100x100.png 100w, http:\/\/barceltinge.pt\/wp-content\/uploads\/2023\/04\/Trendy-Modern-Blurred-Round-Love-Sticker-6.png 1181w\" sizes=\"100vw\" \/>\t\t\t\t\t\t\t\t\t\t\t<figcaption class=\"widget-image-caption wp-caption-text\"><\/figcaption>\n\t\t\t\t\t\t\t\t\t\t<\/figure>\n\t\t\t\t\t\t\t\t\t<\/div>\n\t\t\t\t<\/div>\n\t\t\t\t\t<\/div>\n\t\t<\/div>\n\t\t\t\t<div class=\"elementor-column elementor-col-33 elementor-top-column elementor-element elementor-element-1d49c72\" data-id=\"1d49c72\" data-element_type=\"column\" data-e-type=\"column\">\n\t\t\t<div class=\"elementor-widget-wrap elementor-element-populated\">\n\t\t\t\t\t\t<div class=\"elementor-element elementor-element-09fa99f elementor-invisible elementor-widget elementor-widget-image\" data-id=\"09fa99f\" data-element_type=\"widget\" data-e-type=\"widget\" data-settings=\"{&quot;_animation&quot;:&quot;fadeInDown&quot;}\" data-widget_type=\"image.default\">\n\t\t\t\t<div class=\"elementor-widget-container\">\n\t\t\t\t\t\t\t\t\t\t\t\t\t\t\t<img decoding=\"async\" width=\"150\" height=\"150\" src=\"http:\/\/barceltinge.pt\/wp-content\/uploads\/2023\/04\/Trendy-Modern-Blurred-Round-Love-Sticker-10-150x150.png\" class=\"attachment-thumbnail size-thumbnail wp-image-105\" alt=\"\" srcset=\"http:\/\/barceltinge.pt\/wp-content\/uploads\/2023\/04\/Trendy-Modern-Blurred-Round-Love-Sticker-10-150x150.png 150w, http:\/\/barceltinge.pt\/wp-content\/uploads\/2023\/04\/Trendy-Modern-Blurred-Round-Love-Sticker-10-300x300.png 300w, http:\/\/barceltinge.pt\/wp-content\/uploads\/2023\/04\/Trendy-Modern-Blurred-Round-Love-Sticker-10-1024x1024.png 1024w, http:\/\/barceltinge.pt\/wp-content\/uploads\/2023\/04\/Trendy-Modern-Blurred-Round-Love-Sticker-10-768x768.png 768w, http:\/\/barceltinge.pt\/wp-content\/uploads\/2023\/04\/Trendy-Modern-Blurred-Round-Love-Sticker-10-1536x1536.png 1536w, http:\/\/barceltinge.pt\/wp-content\/uploads\/2023\/04\/Trendy-Modern-Blurred-Round-Love-Sticker-10-2048x2048.png 2048w, http:\/\/barceltinge.pt\/wp-content\/uploads\/2023\/04\/Trendy-Modern-Blurred-Round-Love-Sticker-10-100x100.png 100w\" sizes=\"100vw\" \/>\t\t\t\t\t\t\t\t\t\t\t\t\t\t\t<\/div>\n\t\t\t\t<\/div>\n\t\t\t\t\t<\/div>\n\t\t<\/div>\n\t\t\t\t<div class=\"elementor-column elementor-col-33 elementor-top-column elementor-element elementor-element-e7c98f0\" data-id=\"e7c98f0\" data-element_type=\"column\" data-e-type=\"column\">\n\t\t\t<div class=\"elementor-widget-wrap elementor-element-populated\">\n\t\t\t\t\t\t<div class=\"elementor-element elementor-element-c979d6e animated-slow elementor-invisible elementor-widget elementor-widget-image\" data-id=\"c979d6e\" data-element_type=\"widget\" data-e-type=\"widget\" data-settings=\"{&quot;_animation&quot;:&quot;fadeInDown&quot;}\" data-widget_type=\"image.default\">\n\t\t\t\t<div class=\"elementor-widget-container\">\n\t\t\t\t\t\t\t\t\t\t\t\t\t\t\t<img decoding=\"async\" width=\"150\" height=\"150\" src=\"http:\/\/barceltinge.pt\/wp-content\/uploads\/2023\/04\/Trendy-Modern-Blurred-Round-Love-Sticker-8-150x150.png\" class=\"attachment-thumbnail size-thumbnail wp-image-99\" alt=\"\" srcset=\"http:\/\/barceltinge.pt\/wp-content\/uploads\/2023\/04\/Trendy-Modern-Blurred-Round-Love-Sticker-8-150x150.png 150w, http:\/\/barceltinge.pt\/wp-content\/uploads\/2023\/04\/Trendy-Modern-Blurred-Round-Love-Sticker-8-300x300.png 300w, http:\/\/barceltinge.pt\/wp-content\/uploads\/2023\/04\/Trendy-Modern-Blurred-Round-Love-Sticker-8-1024x1024.png 1024w, http:\/\/barceltinge.pt\/wp-content\/uploads\/2023\/04\/Trendy-Modern-Blurred-Round-Love-Sticker-8-768x768.png 768w, http:\/\/barceltinge.pt\/wp-content\/uploads\/2023\/04\/Trendy-Modern-Blurred-Round-Love-Sticker-8-1536x1536.png 1536w, http:\/\/barceltinge.pt\/wp-content\/uploads\/2023\/04\/Trendy-Modern-Blurred-Round-Love-Sticker-8-2048x2048.png 2048w, http:\/\/barceltinge.pt\/wp-content\/uploads\/2023\/04\/Trendy-Modern-Blurred-Round-Love-Sticker-8-100x100.png 100w\" sizes=\"100vw\" \/>\t\t\t\t\t\t\t\t\t\t\t\t\t\t\t<\/div>\n\t\t\t\t<\/div>\n\t\t\t\t\t<\/div>\n\t\t<\/div>\n\t\t\t\t\t<\/div>\n\t\t<\/section>\n\t\t\t\t<section class=\"elementor-section elementor-top-section elementor-element elementor-element-5a66544 elementor-section-boxed elementor-section-height-default elementor-section-height-default wpr-particle-no wpr-jarallax-no wpr-parallax-no wpr-sticky-section-no wpr-equal-height-no\" data-id=\"5a66544\" data-element_type=\"section\" data-e-type=\"section\">\n\t\t\t\t\t\t<div class=\"elementor-container elementor-column-gap-default\">\n\t\t\t\t\t<div class=\"elementor-column elementor-col-33 elementor-top-column elementor-element elementor-element-5d2b7b1\" data-id=\"5d2b7b1\" data-element_type=\"column\" data-e-type=\"column\">\n\t\t\t<div class=\"elementor-widget-wrap elementor-element-populated\">\n\t\t\t\t\t\t<div class=\"elementor-element elementor-element-741ce55 animated-slow elementor-invisible elementor-widget elementor-widget-toggle\" data-id=\"741ce55\" data-element_type=\"widget\" data-e-type=\"widget\" data-settings=\"{&quot;_animation&quot;:&quot;fadeInDown&quot;}\" data-widget_type=\"toggle.default\">\n\t\t\t\t<div class=\"elementor-widget-container\">\n\t\t\t\t\t\t\t<div class=\"elementor-toggle\">\n\t\t\t\t\t\t\t<div class=\"elementor-toggle-item\">\n\t\t\t\t\t<div id=\"elementor-tab-title-1211\" class=\"elementor-tab-title\" data-tab=\"1\" role=\"button\" aria-controls=\"elementor-tab-content-1211\" aria-expanded=\"false\">\n\t\t\t\t\t\t\t\t\t\t\t\t<span class=\"elementor-toggle-icon elementor-toggle-icon-left\" aria-hidden=\"true\">\n\t\t\t\t\t\t\t\t\t\t\t\t\t\t\t<span class=\"elementor-toggle-icon-closed\"><i class=\"fas fa-caret-right\"><\/i><\/span>\n\t\t\t\t\t\t\t\t<span class=\"elementor-toggle-icon-opened\"><i class=\"elementor-toggle-icon-opened fas fa-caret-up\"><\/i><\/span>\n\t\t\t\t\t\t\t\t\t\t\t\t\t<\/span>\n\t\t\t\t\t\t\t\t\t\t\t\t<a class=\"elementor-toggle-title\" tabindex=\"0\">Dri-fit<\/a>\n\t\t\t\t\t<\/div>\n\n\t\t\t\t\t<div id=\"elementor-tab-content-1211\" class=\"elementor-tab-content elementor-clearfix\" data-tab=\"1\" role=\"region\" aria-labelledby=\"elementor-tab-title-1211\"><p><span style=\"color: rgb(17, 17, 17); font-family: &quot;Helvetica Now Text&quot;, Helvetica, Arial, sans-serif;\">Um acabamento inovador de poli\u00e9ster concebido para ajudar a manter a secura, permitindo trabalhar mais intensamente e durante mais tempo de forma mais confort\u00e1vel.&nbsp;<\/span><\/p><p><span style=\"color: rgb(17, 17, 17); font-family: &quot;Helvetica Now Text&quot;, Helvetica, Arial, sans-serif;\">Patente da Nike<\/span><br><\/p><\/div>\n\t\t\t\t<\/div>\n\t\t\t\t\t\t\t\t<\/div>\n\t\t\t\t\t\t<\/div>\n\t\t\t\t<\/div>\n\t\t\t\t\t<\/div>\n\t\t<\/div>\n\t\t\t\t<div class=\"elementor-column elementor-col-33 elementor-top-column elementor-element elementor-element-cf5dcfd\" data-id=\"cf5dcfd\" data-element_type=\"column\" data-e-type=\"column\">\n\t\t\t<div class=\"elementor-widget-wrap elementor-element-populated\">\n\t\t\t\t\t\t<div class=\"elementor-element elementor-element-720c660 animated-slow elementor-invisible elementor-widget elementor-widget-toggle\" data-id=\"720c660\" data-element_type=\"widget\" data-e-type=\"widget\" data-settings=\"{&quot;_animation&quot;:&quot;fadeInDown&quot;}\" data-widget_type=\"toggle.default\">\n\t\t\t\t<div class=\"elementor-widget-container\">\n\t\t\t\t\t\t\t<div class=\"elementor-toggle\">\n\t\t\t\t\t\t\t<div class=\"elementor-toggle-item\">\n\t\t\t\t\t<div id=\"elementor-tab-title-1191\" class=\"elementor-tab-title\" data-tab=\"1\" role=\"button\" aria-controls=\"elementor-tab-content-1191\" aria-expanded=\"false\">\n\t\t\t\t\t\t\t\t\t\t\t\t<span class=\"elementor-toggle-icon elementor-toggle-icon-left\" aria-hidden=\"true\">\n\t\t\t\t\t\t\t\t\t\t\t\t\t\t\t<span class=\"elementor-toggle-icon-closed\"><i class=\"fas fa-caret-right\"><\/i><\/span>\n\t\t\t\t\t\t\t\t<span class=\"elementor-toggle-icon-opened\"><i class=\"elementor-toggle-icon-opened fas fa-caret-up\"><\/i><\/span>\n\t\t\t\t\t\t\t\t\t\t\t\t\t<\/span>\n\t\t\t\t\t\t\t\t\t\t\t\t<a class=\"elementor-toggle-title\" tabindex=\"0\">Microc\u00e1psulas<\/a>\n\t\t\t\t\t<\/div>\n\n\t\t\t\t\t<div id=\"elementor-tab-content-1191\" class=\"elementor-tab-content elementor-clearfix\" data-tab=\"1\" role=\"region\" aria-labelledby=\"elementor-tab-title-1191\"><p><span style=\"vertical-align: inherit;\"><span style=\"vertical-align: inherit;\"><span style=\"vertical-align: inherit;\"><span style=\"vertical-align: inherit;\"><span style=\"vertical-align: inherit;\"><span style=\"vertical-align: inherit;\"><span style=\"vertical-align: inherit;\"><span style=\"vertical-align: inherit;\"><span style=\"vertical-align: inherit;\"><span style=\"vertical-align: inherit;\"><span style=\"vertical-align: inherit;\"><span style=\"vertical-align: inherit;\"><span style=\"vertical-align: inherit;\"><span style=\"vertical-align: inherit;\">Uma solu\u00e7\u00e3o de microc\u00e1psulas que ap\u00f3s a sua fric\u00e7\u00e3o, as mesmas explodem e libertam um refrescante aroma.<\/span><\/span><\/span><\/span><\/span><\/span><\/span><\/span><\/span><\/span><\/span><\/span><\/span><\/span><\/p><\/div>\n\t\t\t\t<\/div>\n\t\t\t\t\t\t\t\t<\/div>\n\t\t\t\t\t\t<\/div>\n\t\t\t\t<\/div>\n\t\t\t\t\t<\/div>\n\t\t<\/div>\n\t\t\t\t<div class=\"elementor-column elementor-col-33 elementor-top-column elementor-element elementor-element-ec09365\" data-id=\"ec09365\" data-element_type=\"column\" data-e-type=\"column\">\n\t\t\t<div class=\"elementor-widget-wrap elementor-element-populated\">\n\t\t\t\t\t\t<div class=\"elementor-element elementor-element-4dc9a6c animated-slow elementor-invisible elementor-widget elementor-widget-toggle\" data-id=\"4dc9a6c\" data-element_type=\"widget\" data-e-type=\"widget\" data-settings=\"{&quot;_animation&quot;:&quot;fadeInDown&quot;}\" data-widget_type=\"toggle.default\">\n\t\t\t\t<div class=\"elementor-widget-container\">\n\t\t\t\t\t\t\t<div class=\"elementor-toggle\">\n\t\t\t\t\t\t\t<div class=\"elementor-toggle-item\">\n\t\t\t\t\t<div id=\"elementor-tab-title-8151\" class=\"elementor-tab-title\" data-tab=\"1\" role=\"button\" aria-controls=\"elementor-tab-content-8151\" aria-expanded=\"false\">\n\t\t\t\t\t\t\t\t\t\t\t\t<span class=\"elementor-toggle-icon elementor-toggle-icon-left\" aria-hidden=\"true\">\n\t\t\t\t\t\t\t\t\t\t\t\t\t\t\t<span class=\"elementor-toggle-icon-closed\"><i class=\"fas fa-caret-right\"><\/i><\/span>\n\t\t\t\t\t\t\t\t<span class=\"elementor-toggle-icon-opened\"><i class=\"elementor-toggle-icon-opened fas fa-caret-up\"><\/i><\/span>\n\t\t\t\t\t\t\t\t\t\t\t\t\t<\/span>\n\t\t\t\t\t\t\t\t\t\t\t\t<a class=\"elementor-toggle-title\" tabindex=\"0\">Tratamento Hidr\u00f3fugo<\/a>\n\t\t\t\t\t<\/div>\n\n\t\t\t\t\t<div id=\"elementor-tab-content-8151\" class=\"elementor-tab-content elementor-clearfix\" data-tab=\"1\" role=\"region\" aria-labelledby=\"elementor-tab-title-8151\"><p><span style=\"vertical-align: inherit;\"><span style=\"vertical-align: inherit;\"><span style=\"vertical-align: inherit;\"><span style=\"vertical-align: inherit;\"><span style=\"vertical-align: inherit;\"><span style=\"vertical-align: inherit;\"><span style=\"vertical-align: inherit;\"><span style=\"vertical-align: inherit;\"><span style=\"vertical-align: inherit;\"><span style=\"vertical-align: inherit;\">Acabamento especial que permite o efeito &#8220;guarda-chuva&#8221;, a malha desliza e n\u00e3o entra no interior da fibra.<\/span><\/span><\/span><\/span><\/span><\/span><\/span><\/span><\/span><\/span><\/p><\/div>\n\t\t\t\t<\/div>\n\t\t\t\t\t\t\t\t<\/div>\n\t\t\t\t\t\t<\/div>\n\t\t\t\t<\/div>\n\t\t\t\t\t<\/div>\n\t\t<\/div>\n\t\t\t\t\t<\/div>\n\t\t<\/section>\n\t\t\t\t<section class=\"elementor-section elementor-top-section elementor-element elementor-element-ea55561 elementor-section-boxed elementor-section-height-default elementor-section-height-default wpr-particle-no wpr-jarallax-no wpr-parallax-no wpr-sticky-section-no wpr-equal-height-no\" data-id=\"ea55561\" data-element_type=\"section\" data-e-type=\"section\">\n\t\t\t\t\t\t<div class=\"elementor-container elementor-column-gap-default\">\n\t\t\t\t\t<div class=\"elementor-column elementor-col-33 elementor-top-column elementor-element elementor-element-021a20b\" data-id=\"021a20b\" data-element_type=\"column\" data-e-type=\"column\">\n\t\t\t<div class=\"elementor-widget-wrap\">\n\t\t\t\t\t\t\t<\/div>\n\t\t<\/div>\n\t\t\t\t<div class=\"elementor-column elementor-col-33 elementor-top-column elementor-element elementor-element-f0476f2\" data-id=\"f0476f2\" data-element_type=\"column\" data-e-type=\"column\">\n\t\t\t<div class=\"elementor-widget-wrap elementor-element-populated\">\n\t\t\t\t\t\t<div class=\"elementor-element elementor-element-24c69db elementor-invisible elementor-widget elementor-widget-image\" data-id=\"24c69db\" data-element_type=\"widget\" data-e-type=\"widget\" data-settings=\"{&quot;_animation&quot;:&quot;fadeInDown&quot;}\" data-widget_type=\"image.default\">\n\t\t\t\t<div class=\"elementor-widget-container\">\n\t\t\t\t\t\t\t\t\t\t\t\t\t\t\t<img loading=\"lazy\" decoding=\"async\" width=\"740\" height=\"278\" src=\"http:\/\/barceltinge.pt\/wp-content\/uploads\/2023\/04\/A-Familitex-deseja-um-feliz-aniversario-24-768x288.png\" class=\"attachment-medium_large size-medium_large wp-image-122\" alt=\"\" srcset=\"http:\/\/barceltinge.pt\/wp-content\/uploads\/2023\/04\/A-Familitex-deseja-um-feliz-aniversario-24-768x288.png 768w, http:\/\/barceltinge.pt\/wp-content\/uploads\/2023\/04\/A-Familitex-deseja-um-feliz-aniversario-24-300x113.png 300w, http:\/\/barceltinge.pt\/wp-content\/uploads\/2023\/04\/A-Familitex-deseja-um-feliz-aniversario-24.png 800w\" sizes=\"100vw\" \/>\t\t\t\t\t\t\t\t\t\t\t\t\t\t\t<\/div>\n\t\t\t\t<\/div>\n\t\t\t\t\t<\/div>\n\t\t<\/div>\n\t\t\t\t<div class=\"elementor-column elementor-col-33 elementor-top-column elementor-element elementor-element-5933b76\" data-id=\"5933b76\" data-element_type=\"column\" data-e-type=\"column\">\n\t\t\t<div class=\"elementor-widget-wrap\">\n\t\t\t\t\t\t\t<\/div>\n\t\t<\/div>\n\t\t\t\t\t<\/div>\n\t\t<\/section>\n\t\t\t\t<section class=\"elementor-section elementor-top-section elementor-element elementor-element-ac09cd9 elementor-section-boxed elementor-section-height-default elementor-section-height-default wpr-particle-no wpr-jarallax-no wpr-parallax-no wpr-sticky-section-no wpr-equal-height-no\" data-id=\"ac09cd9\" data-element_type=\"section\" data-e-type=\"section\">\n\t\t\t\t\t\t<div class=\"elementor-container elementor-column-gap-default\">\n\t\t\t\t\t<div class=\"elementor-column elementor-col-100 elementor-top-column elementor-element elementor-element-a0267e9\" data-id=\"a0267e9\" data-element_type=\"column\" data-e-type=\"column\">\n\t\t\t<div class=\"elementor-widget-wrap\">\n\t\t\t\t\t\t\t<\/div>\n\t\t<\/div>\n\t\t\t\t\t<\/div>\n\t\t<\/section>\n\t\t\t\t<section class=\"elementor-section elementor-top-section elementor-element elementor-element-53c3ade elementor-section-boxed elementor-section-height-default elementor-section-height-default wpr-particle-no wpr-jarallax-no wpr-parallax-no wpr-sticky-section-no wpr-equal-height-no\" data-id=\"53c3ade\" data-element_type=\"section\" data-e-type=\"section\">\n\t\t\t\t\t\t<div class=\"elementor-container elementor-column-gap-default\">\n\t\t\t\t\t<div class=\"elementor-column elementor-col-33 elementor-top-column elementor-element elementor-element-fbd5a6e\" data-id=\"fbd5a6e\" data-element_type=\"column\" data-e-type=\"column\">\n\t\t\t<div class=\"elementor-widget-wrap elementor-element-populated\">\n\t\t\t\t\t\t<div class=\"elementor-element elementor-element-9ce3ec9 animated-slow elementor-invisible elementor-widget elementor-widget-toggle\" data-id=\"9ce3ec9\" data-element_type=\"widget\" data-e-type=\"widget\" data-settings=\"{&quot;_animation&quot;:&quot;fadeInDown&quot;}\" data-widget_type=\"toggle.default\">\n\t\t\t\t<div class=\"elementor-widget-container\">\n\t\t\t\t\t\t\t<div class=\"elementor-toggle\">\n\t\t\t\t\t\t\t<div class=\"elementor-toggle-item\">\n\t\t\t\t\t<div id=\"elementor-tab-title-1641\" class=\"elementor-tab-title\" data-tab=\"1\" role=\"button\" aria-controls=\"elementor-tab-content-1641\" aria-expanded=\"false\">\n\t\t\t\t\t\t\t\t\t\t\t\t<span class=\"elementor-toggle-icon elementor-toggle-icon-left\" aria-hidden=\"true\">\n\t\t\t\t\t\t\t\t\t\t\t\t\t\t\t<span class=\"elementor-toggle-icon-closed\"><i class=\"fas fa-caret-right\"><\/i><\/span>\n\t\t\t\t\t\t\t\t<span class=\"elementor-toggle-icon-opened\"><i class=\"elementor-toggle-icon-opened fas fa-caret-up\"><\/i><\/span>\n\t\t\t\t\t\t\t\t\t\t\t\t\t<\/span>\n\t\t\t\t\t\t\t\t\t\t\t\t<a class=\"elementor-toggle-title\" tabindex=\"0\">\"Stays Fresh\"<\/a>\n\t\t\t\t\t<\/div>\n\n\t\t\t\t\t<div id=\"elementor-tab-content-1641\" class=\"elementor-tab-content elementor-clearfix\" data-tab=\"1\" role=\"region\" aria-labelledby=\"elementor-tab-title-1641\"><p><span style=\"text-indent: 47.2px;\"><span style=\"vertical-align: inherit;\"><span style=\"vertical-align: inherit;\"><span style=\"vertical-align: inherit;\"><span style=\"vertical-align: inherit;\"><span style=\"vertical-align: inherit;\"><span style=\"vertical-align: inherit;\">Impede o crescimento de bact\u00e9rias que causam maus odores, oferecendo uma sensa\u00e7\u00e3o \u201cFRESH\u201d o dia inteiro. O mau cheiro aparece quando as bact\u00e9rias presentes no tecido entram em contato com o suor e se multiplicam.<\/span><\/span><\/span><\/span><\/span><\/span><\/span><\/p><\/div>\n\t\t\t\t<\/div>\n\t\t\t\t\t\t\t\t<\/div>\n\t\t\t\t\t\t<\/div>\n\t\t\t\t<\/div>\n\t\t\t\t\t<\/div>\n\t\t<\/div>\n\t\t\t\t<div class=\"elementor-column elementor-col-33 elementor-top-column elementor-element elementor-element-12d7695\" data-id=\"12d7695\" data-element_type=\"column\" data-e-type=\"column\">\n\t\t\t<div class=\"elementor-widget-wrap elementor-element-populated\">\n\t\t\t\t\t\t<div class=\"elementor-element elementor-element-6b15aed animated-slow elementor-invisible elementor-widget elementor-widget-toggle\" data-id=\"6b15aed\" data-element_type=\"widget\" data-e-type=\"widget\" data-settings=\"{&quot;_animation&quot;:&quot;fadeInDown&quot;}\" data-widget_type=\"toggle.default\">\n\t\t\t\t<div class=\"elementor-widget-container\">\n\t\t\t\t\t\t\t<div class=\"elementor-toggle\">\n\t\t\t\t\t\t\t<div class=\"elementor-toggle-item\">\n\t\t\t\t\t<div id=\"elementor-tab-title-1121\" class=\"elementor-tab-title\" data-tab=\"1\" role=\"button\" aria-controls=\"elementor-tab-content-1121\" aria-expanded=\"false\">\n\t\t\t\t\t\t\t\t\t\t\t\t<span class=\"elementor-toggle-icon elementor-toggle-icon-left\" aria-hidden=\"true\">\n\t\t\t\t\t\t\t\t\t\t\t\t\t\t\t<span class=\"elementor-toggle-icon-closed\"><i class=\"fas fa-caret-right\"><\/i><\/span>\n\t\t\t\t\t\t\t\t<span class=\"elementor-toggle-icon-opened\"><i class=\"elementor-toggle-icon-opened fas fa-caret-up\"><\/i><\/span>\n\t\t\t\t\t\t\t\t\t\t\t\t\t<\/span>\n\t\t\t\t\t\t\t\t\t\t\t\t<a class=\"elementor-toggle-title\" tabindex=\"0\">\u201cOdor Crunch\u201d   <\/a>\n\t\t\t\t\t<\/div>\n\n\t\t\t\t\t<div id=\"elementor-tab-content-1121\" class=\"elementor-tab-content elementor-clearfix\" data-tab=\"1\" role=\"region\" aria-labelledby=\"elementor-tab-title-1121\"><p><span style=\"text-indent: 47.2px;\"><span style=\"vertical-align: inherit;\"><span style=\"vertical-align: inherit;\"><span style=\"vertical-align: inherit;\"><span style=\"vertical-align: inherit;\">Esta tecnologia considera outros odores, como cheiros\/vapores de restaurantes e cozinhas, fumos exteriores, tabaco e outros cheiros corporais. Assim, \u00a0funciona mais como um absorvente de odores. S\u00e3o necess\u00e1rios odores, \u00a0que se manifestam no tecido que n\u00e3o se resumem a suor e a bact\u00e9rias (incluindo outros cheiros corporais).<\/span><\/span><\/span><\/span><\/span><\/p><\/div>\n\t\t\t\t<\/div>\n\t\t\t\t\t\t\t\t<\/div>\n\t\t\t\t\t\t<\/div>\n\t\t\t\t<\/div>\n\t\t\t\t\t<\/div>\n\t\t<\/div>\n\t\t\t\t<div class=\"elementor-column elementor-col-33 elementor-top-column elementor-element elementor-element-d7233d1\" data-id=\"d7233d1\" data-element_type=\"column\" data-e-type=\"column\">\n\t\t\t<div class=\"elementor-widget-wrap elementor-element-populated\">\n\t\t\t\t\t\t<div class=\"elementor-element elementor-element-f94f635 animated-slow elementor-invisible elementor-widget elementor-widget-toggle\" data-id=\"f94f635\" data-element_type=\"widget\" data-e-type=\"widget\" data-settings=\"{&quot;_animation&quot;:&quot;fadeInDown&quot;}\" data-widget_type=\"toggle.default\">\n\t\t\t\t<div class=\"elementor-widget-container\">\n\t\t\t\t\t\t\t<div class=\"elementor-toggle\">\n\t\t\t\t\t\t\t<div class=\"elementor-toggle-item\">\n\t\t\t\t\t<div id=\"elementor-tab-title-2611\" class=\"elementor-tab-title\" data-tab=\"1\" role=\"button\" aria-controls=\"elementor-tab-content-2611\" aria-expanded=\"false\">\n\t\t\t\t\t\t\t\t\t\t\t\t<span class=\"elementor-toggle-icon elementor-toggle-icon-left\" aria-hidden=\"true\">\n\t\t\t\t\t\t\t\t\t\t\t\t\t\t\t<span class=\"elementor-toggle-icon-closed\"><i class=\"fas fa-caret-right\"><\/i><\/span>\n\t\t\t\t\t\t\t\t<span class=\"elementor-toggle-icon-opened\"><i class=\"elementor-toggle-icon-opened fas fa-caret-up\"><\/i><\/span>\n\t\t\t\t\t\t\t\t\t\t\t\t\t<\/span>\n\t\t\t\t\t\t\t\t\t\t\t\t<a class=\"elementor-toggle-title\" tabindex=\"0\">\"Polygiene \u201cViralOff\u201d <\/a>\n\t\t\t\t\t<\/div>\n\n\t\t\t\t\t<div id=\"elementor-tab-content-2611\" class=\"elementor-tab-content elementor-clearfix\" data-tab=\"1\" role=\"region\" aria-labelledby=\"elementor-tab-title-2611\"><p>o terceiro e mais recente membro da linha Polygiene que traz uma fun\u00e7\u00e3o pela qual qualquer v\u00edrus que se instale no tecido \u00e9 reduzido em at\u00e9 99% em 2 horas, em oposi\u00e7\u00e3o aos v\u00e1rios dias que o v\u00edrus normalmente pode permanecer num tecido\/malha. Inclu\u00edmos aqui a efic\u00e1cia contra o SARS-CoV-2. (30 lavagens)<\/p><\/div>\n\t\t\t\t<\/div>\n\t\t\t\t\t\t\t\t<\/div>\n\t\t\t\t\t\t<\/div>\n\t\t\t\t<\/div>\n\t\t\t\t\t<\/div>\n\t\t<\/div>\n\t\t\t\t\t<\/div>\n\t\t<\/section>\n\t\t\t\t<\/div>\n\t\t","protected":false},"excerpt":{"rendered":"<p>Dri-fit Um acabamento inovador de poli\u00e9ster concebido para ajudar a manter a secura, permitindo trabalhar mais intensamente e durante mais tempo de forma mais confort\u00e1vel.&nbsp; Patente da Nike Microc\u00e1psulas Uma solu\u00e7\u00e3o de microc\u00e1psulas que ap\u00f3s a sua fric\u00e7\u00e3o, as mesmas explodem e libertam um refrescante aroma. Tratamento Hidr\u00f3fugo Acabamento especial que permite o efeito &#8220;guarda-chuva&#8221;, a malha desliza e n\u00e3o entra no interior da fibra. &#8220;Stays Fresh&#8221; Impede o crescimento de bact\u00e9rias que causam maus odores, oferecendo uma sensa\u00e7\u00e3o \u201cFRESH\u201d o dia inteiro. O mau cheiro aparece quando as bact\u00e9rias presentes no tecido entram em contato com o suor e se multiplicam. \u201cOdor Crunch\u201d Esta tecnologia considera outros odores, como cheiros\/vapores de restaurantes e cozinhas, fumos exteriores, tabaco e outros cheiros corporais. Assim, \u00a0funciona mais como um absorvente de odores. S\u00e3o necess\u00e1rios odores, \u00a0que se manifestam no tecido que n\u00e3o se resumem a suor e a bact\u00e9rias (incluindo outros cheiros corporais). &#8220;Polygiene \u201cViralOff\u201d o terceiro e mais recente membro da linha Polygiene que traz uma fun\u00e7\u00e3o pela qual qualquer v\u00edrus que se instale no tecido \u00e9 reduzido em at\u00e9 99% em 2 horas, em oposi\u00e7\u00e3o aos v\u00e1rios dias que o v\u00edrus normalmente pode permanecer num tecido\/malha. Inclu\u00edmos aqui a efic\u00e1cia contra o SARS-CoV-2. (30 lavagens)<\/p>\n","protected":false},"author":1,"featured_media":0,"parent":0,"menu_order":0,"comment_status":"closed","ping_status":"closed","template":"","meta":{"footnotes":""},"class_list":["post-272","page","type-page","status-publish","hentry"],"_links":{"self":[{"href":"http:\/\/barceltinge.pt\/index.php?rest_route=\/wp\/v2\/pages\/272","targetHints":{"allow":["GET"]}}],"collection":[{"href":"http:\/\/barceltinge.pt\/index.php?rest_route=\/wp\/v2\/pages"}],"about":[{"href":"http:\/\/barceltinge.pt\/index.php?rest_route=\/wp\/v2\/types\/page"}],"author":[{"embeddable":true,"href":"http:\/\/barceltinge.pt\/index.php?rest_route=\/wp\/v2\/users\/1"}],"replies":[{"embeddable":true,"href":"http:\/\/barceltinge.pt\/index.php?rest_route=%2Fwp%2Fv2%2Fcomments&post=272"}],"version-history":[{"count":4,"href":"http:\/\/barceltinge.pt\/index.php?rest_route=\/wp\/v2\/pages\/272\/revisions"}],"predecessor-version":[{"id":277,"href":"http:\/\/barceltinge.pt\/index.php?rest_route=\/wp\/v2\/pages\/272\/revisions\/277"}],"wp:attachment":[{"href":"http:\/\/barceltinge.pt\/index.php?rest_route=%2Fwp%2Fv2%2Fmedia&parent=272"}],"curies":[{"name":"wp","href":"https:\/\/api.w.org\/{rel}","templated":true}]}}